{"id":65,"date":"2020-07-01T20:37:58","date_gmt":"2020-07-01T20:37:58","guid":{"rendered":"https:\/\/createyourstyle.ch\/?page_id=65"},"modified":"2022-08-02T12:18:08","modified_gmt":"2022-08-02T12:18:08","slug":"kontakt","status":"publish","type":"page","link":"https:\/\/createyourstyle.ch\/index.php\/kontakt\/","title":{"rendered":"Kontakt"},"content":{"rendered":"\t\t<div data-elementor-type=\"wp-page\" data-elementor-id=\"65\" class=\"elementor elementor-65\">\n\t\t\t\t\t\t<div class=\"elementor-inner\">\n\t\t\t\t<div class=\"elementor-section-wrap\">\n\t\t\t\t\t\t\t\t\t<section class=\"elementor-section elementor-top-section elementor-element elementor-element-172574df elementor-section-full_width elementor-section-height-default elementor-section-height-default\" data-id=\"172574df\" data-element_type=\"section\">\n\t\t\t\t\t\t<div class=\"elementor-container elementor-column-gap-default\">\n\t\t\t\t\t\t\t<div class=\"elementor-row\">\n\t\t\t\t\t<div class=\"elementor-column elementor-col-50 elementor-top-column elementor-element elementor-element-6d13bbc1\" data-id=\"6d13bbc1\" data-element_type=\"column\">\n\t\t\t<div class=\"elementor-column-wrap elementor-element-populated\">\n\t\t\t\t\t\t\t<div class=\"elementor-widget-wrap\">\n\t\t\t\t\t\t<div class=\"elementor-element elementor-element-4ecf28 elementor-widget elementor-widget-heading\" data-id=\"4ecf28\" data-element_type=\"widget\" data-widget_type=\"heading.default\">\n\t\t\t\t<div class=\"elementor-widget-container\">\n\t\t\t<h1 class=\"elementor-heading-title elementor-size-default\">Platziere<b> deine anfrage<\/b> bei uns<\/h1>\t\t<\/div>\n\t\t\t\t<\/div>\n\t\t\t\t\t\t<\/div>\n\t\t\t\t\t<\/div>\n\t\t<\/div>\n\t\t\t\t<div class=\"elementor-column elementor-col-50 elementor-top-column elementor-element elementor-element-6c02e5de\" data-id=\"6c02e5de\" data-element_type=\"column\">\n\t\t\t<div class=\"elementor-column-wrap elementor-element-populated\">\n\t\t\t\t\t\t\t<div class=\"elementor-widget-wrap\">\n\t\t\t\t\t\t<div class=\"elementor-element elementor-element-bfe3590 elementor-widget elementor-widget-text-editor\" data-id=\"bfe3590\" data-element_type=\"widget\" data-widget_type=\"text-editor.default\">\n\t\t\t\t<div class=\"elementor-widget-container\">\n\t\t\t\t\t\t\t\t<div class=\"elementor-text-editor elementor-clearfix\">\n\t\t\t\t<p>Vereinbare jetzt ein erstes unverbindliches Beratungsgespr\u00e4ch mit uns. So k\u00f6nnen wir gemeinsam evaluieren, wie wir dich am besten unterst\u00fctzen k\u00f6nnen. Das Kennenlerngespr\u00e4ch ist kostenlos.<\/p><p>Nachdem deine Anfrage bei uns eingegangen ist, werden wir uns zeitnah mit Terminvorschl\u00e4gen f\u00fcr das erste Kennenlerngespr\u00e4ch melden.<\/p><p>Wir freuen uns auf deine Nachricht,<br \/>Mirjam und Val\u00e9rie<\/p>\t\t\t\t\t<\/div>\n\t\t\t\t\t\t<\/div>\n\t\t\t\t<\/div>\n\t\t\t\t\t\t<\/div>\n\t\t\t\t\t<\/div>\n\t\t<\/div>\n\t\t\t\t\t\t\t\t<\/div>\n\t\t\t\t\t<\/div>\n\t\t<\/section>\n\t\t\t\t<section class=\"elementor-section elementor-top-section elementor-element elementor-element-c582a88 elementor-section-full_width elementor-section-height-default elementor-section-height-default\" data-id=\"c582a88\" data-element_type=\"section\">\n\t\t\t\t\t\t<div class=\"elementor-container elementor-column-gap-default\">\n\t\t\t\t\t\t\t<div class=\"elementor-row\">\n\t\t\t\t\t<div class=\"elementor-column elementor-col-100 elementor-top-column elementor-element elementor-element-4cbc5f30\" data-id=\"4cbc5f30\" data-element_type=\"column\">\n\t\t\t<div class=\"elementor-column-wrap elementor-element-populated\">\n\t\t\t\t\t\t\t<div class=\"elementor-widget-wrap\">\n\t\t\t\t\t\t<div class=\"elementor-element elementor-element-17803e26 elementor-widget elementor-widget-image\" data-id=\"17803e26\" data-element_type=\"widget\" data-settings=\"{&quot;motion_fx_motion_fx_scrolling&quot;:&quot;yes&quot;,&quot;motion_fx_translateY_effect&quot;:&quot;yes&quot;,&quot;motion_fx_translateY_speed&quot;:{&quot;unit&quot;:&quot;px&quot;,&quot;size&quot;:&quot;2&quot;,&quot;sizes&quot;:[]},&quot;motion_fx_devices&quot;:[&quot;desktop&quot;],&quot;motion_fx_translateY_affectedRange&quot;:{&quot;unit&quot;:&quot;%&quot;,&quot;size&quot;:&quot;&quot;,&quot;sizes&quot;:{&quot;start&quot;:0,&quot;end&quot;:100}}}\" data-widget_type=\"image.default\">\n\t\t\t\t<div class=\"elementor-widget-container\">\n\t\t\t\t\t\t\t\t<div class=\"elementor-image\">\n\t\t\t\t\t\t\t\t\t\t\t\t<img width=\"2560\" height=\"1299\" src=\"https:\/\/createyourstyle.ch\/wp-content\/uploads\/2020\/07\/lifewithpcos-dk-2020-1-scaled-e1593636080144.jpg\" class=\"attachment-full size-full\" alt=\"Mirjam &amp; Valerie sitzend\" loading=\"lazy\" srcset=\"https:\/\/createyourstyle.ch\/wp-content\/uploads\/2020\/07\/lifewithpcos-dk-2020-1-scaled-e1593636080144.jpg 2560w, https:\/\/createyourstyle.ch\/wp-content\/uploads\/2020\/07\/lifewithpcos-dk-2020-1-scaled-e1593636080144-300x152.jpg 300w, https:\/\/createyourstyle.ch\/wp-content\/uploads\/2020\/07\/lifewithpcos-dk-2020-1-scaled-e1593636080144-1024x520.jpg 1024w, https:\/\/createyourstyle.ch\/wp-content\/uploads\/2020\/07\/lifewithpcos-dk-2020-1-scaled-e1593636080144-768x390.jpg 768w, https:\/\/createyourstyle.ch\/wp-content\/uploads\/2020\/07\/lifewithpcos-dk-2020-1-scaled-e1593636080144-1536x779.jpg 1536w, https:\/\/createyourstyle.ch\/wp-content\/uploads\/2020\/07\/lifewithpcos-dk-2020-1-scaled-e1593636080144-2048x1039.jpg 2048w\" sizes=\"(max-width: 2560px) 100vw, 2560px\" \/>\t\t\t\t\t\t\t\t\t\t\t\t\t\t<\/div>\n\t\t\t\t\t\t<\/div>\n\t\t\t\t<\/div>\n\t\t\t\t\t\t<\/div>\n\t\t\t\t\t<\/div>\n\t\t<\/div>\n\t\t\t\t\t\t\t\t<\/div>\n\t\t\t\t\t<\/div>\n\t\t<\/section>\n\t\t\t\t<section class=\"elementor-section elementor-top-section elementor-element elementor-element-6bd64610 elementor-section-full_width elementor-section-height-default elementor-section-height-default\" data-id=\"6bd64610\" data-element_type=\"section\">\n\t\t\t\t\t\t<div class=\"elementor-container elementor-column-gap-default\">\n\t\t\t\t\t\t\t<div class=\"elementor-row\">\n\t\t\t\t\t<div class=\"elementor-column elementor-col-50 elementor-top-column elementor-element elementor-element-457e8c12\" data-id=\"457e8c12\" data-element_type=\"column\">\n\t\t\t<div class=\"elementor-column-wrap elementor-element-populated\">\n\t\t\t\t\t\t\t<div class=\"elementor-widget-wrap\">\n\t\t\t\t\t\t<section class=\"elementor-section elementor-inner-section elementor-element elementor-element-4029508a elementor-section-height-min-height elementor-section-boxed elementor-section-height-default\" data-id=\"4029508a\" data-element_type=\"section\">\n\t\t\t\t\t\t<div class=\"elementor-container elementor-column-gap-default\">\n\t\t\t\t\t\t\t<div class=\"elementor-row\">\n\t\t\t\t\t<div class=\"elementor-column elementor-col-100 elementor-inner-column elementor-element elementor-element-4330f2d6\" data-id=\"4330f2d6\" data-element_type=\"column\">\n\t\t\t<div class=\"elementor-column-wrap elementor-element-populated\">\n\t\t\t\t\t\t\t<div class=\"elementor-widget-wrap\">\n\t\t\t\t\t\t<div class=\"elementor-element elementor-element-50c6864e elementor-widget elementor-widget-text-editor\" data-id=\"50c6864e\" data-element_type=\"widget\" data-widget_type=\"text-editor.default\">\n\t\t\t\t<div class=\"elementor-widget-container\">\n\t\t\t\t\t\t\t\t<div class=\"elementor-text-editor elementor-clearfix\">\n\t\t\t\t<p>kontakt<\/p>\t\t\t\t\t<\/div>\n\t\t\t\t\t\t<\/div>\n\t\t\t\t<\/div>\n\t\t\t\t\t\t<\/div>\n\t\t\t\t\t<\/div>\n\t\t<\/div>\n\t\t\t\t\t\t\t\t<\/div>\n\t\t\t\t\t<\/div>\n\t\t<\/section>\n\t\t\t\t\t\t<\/div>\n\t\t\t\t\t<\/div>\n\t\t<\/div>\n\t\t\t\t<div class=\"elementor-column elementor-col-50 elementor-top-column elementor-element elementor-element-32ad1ed4\" data-id=\"32ad1ed4\" data-element_type=\"column\">\n\t\t\t<div class=\"elementor-column-wrap elementor-element-populated\">\n\t\t\t\t\t\t\t<div class=\"elementor-widget-wrap\">\n\t\t\t\t\t\t<div class=\"elementor-element elementor-element-6e81148d elementor-button-align-end elementor-widget elementor-widget-form\" data-id=\"6e81148d\" data-element_type=\"widget\" data-settings=\"{&quot;step_next_label&quot;:&quot;Next&quot;,&quot;step_previous_label&quot;:&quot;Previous&quot;,&quot;button_width&quot;:&quot;100&quot;,&quot;step_type&quot;:&quot;number_text&quot;,&quot;step_icon_shape&quot;:&quot;circle&quot;}\" data-widget_type=\"form.default\">\n\t\t\t\t<div class=\"elementor-widget-container\">\n\t\t\t\t\t<form class=\"elementor-form\" method=\"post\" name=\"New Form\">\n\t\t\t<input type=\"hidden\" name=\"post_id\" value=\"65\"\/>\n\t\t\t<input type=\"hidden\" name=\"form_id\" value=\"6e81148d\"\/>\n\n\t\t\t\n\t\t\t<div class=\"elementor-form-fields-wrapper elementor-labels-\">\n\t\t\t\t\t\t\t\t<div class=\"elementor-field-type-text elementor-field-group elementor-column elementor-field-group-name elementor-col-100 elementor-field-required\">\n\t\t\t\t\t<label for=\"form-field-name\" class=\"elementor-field-label elementor-screen-only\">Name<\/label><input size=\"1\" type=\"text\" name=\"form_fields[name]\" id=\"form-field-name\" class=\"elementor-field elementor-size-sm  elementor-field-textual\" placeholder=\"Vor- und Nachname\" required=\"required\" aria-required=\"true\">\t\t\t\t<\/div>\n\t\t\t\t\t\t\t\t<div class=\"elementor-field-type-email elementor-field-group elementor-column elementor-field-group-field_1 elementor-col-100 elementor-field-required\">\n\t\t\t\t\t<label for=\"form-field-field_1\" class=\"elementor-field-label elementor-screen-only\">E-Mail<\/label><input size=\"1\" type=\"email\" name=\"form_fields[field_1]\" id=\"form-field-field_1\" class=\"elementor-field elementor-size-sm  elementor-field-textual\" placeholder=\"E-Mail Adresse\" required=\"required\" aria-required=\"true\">\t\t\t\t<\/div>\n\t\t\t\t\t\t\t\t<div class=\"elementor-field-type-tel elementor-field-group elementor-column elementor-field-group-email elementor-col-100\">\n\t\t\t\t\t<label for=\"form-field-email\" class=\"elementor-field-label elementor-screen-only\">Phone<\/label><input size=\"1\" type=\"tel\" name=\"form_fields[email]\" id=\"form-field-email\" class=\"elementor-field elementor-size-sm  elementor-field-textual\" placeholder=\"Telefonnummer\" pattern=\"[0-9()#&amp;+*-=.]+\" title=\"Only numbers and phone characters (#, -, *, etc) are accepted.\">\t\t\t\t<\/div>\n\t\t\t\t\t\t\t\t<div class=\"elementor-field-type-text elementor-field-group elementor-column elementor-field-group-field_b900511 elementor-col-100\">\n\t\t\t\t\t<label for=\"form-field-field_b900511\" class=\"elementor-field-label elementor-screen-only\">Unternehmen<\/label><input size=\"1\" type=\"text\" name=\"form_fields[field_b900511]\" id=\"form-field-field_b900511\" class=\"elementor-field elementor-size-sm  elementor-field-textual\" placeholder=\"Unternehmen\">\t\t\t\t<\/div>\n\t\t\t\t\t\t\t\t<div class=\"elementor-field-type-url elementor-field-group elementor-column elementor-field-group-field_dcd01d6 elementor-col-100\">\n\t\t\t\t\t<label for=\"form-field-field_dcd01d6\" class=\"elementor-field-label elementor-screen-only\">URL<\/label><input size=\"1\" type=\"url\" name=\"form_fields[field_dcd01d6]\" id=\"form-field-field_dcd01d6\" class=\"elementor-field elementor-size-sm  elementor-field-textual\" placeholder=\"Website URL\">\t\t\t\t<\/div>\n\t\t\t\t\t\t\t\t<div class=\"elementor-field-type-text elementor-field-group elementor-column elementor-field-group-field_9cdab47 elementor-col-100\">\n\t\t\t\t\t<input size=\"1\" type=\"text\" name=\"form_fields[field_9cdab47]\" id=\"form-field-field_9cdab47\" class=\"elementor-field elementor-size-sm  elementor-field-textual\" placeholder=\"Deine Nachricht\">\t\t\t\t<\/div>\n\t\t\t\t\t\t\t\t<div class=\"elementor-field-type-checkbox elementor-field-group elementor-column elementor-field-group-field_267fa95 elementor-col-100\">\n\t\t\t\t\t<label for=\"form-field-field_267fa95\" class=\"elementor-field-label elementor-screen-only\">Kennenlerngespr\u00e4ch vereinbaren<\/label><div class=\"elementor-field-subgroup  \"><span class=\"elementor-field-option\"><input type=\"checkbox\" value=\"Kennenlerngespr\u00e4ch vereinbaren\" id=\"form-field-field_267fa95-0\" name=\"form_fields[field_267fa95]\"> <label for=\"form-field-field_267fa95-0\">Kennenlerngespr\u00e4ch vereinbaren<\/label><\/span><\/div>\t\t\t\t<\/div>\n\t\t\t\t\t\t\t\t<div class=\"elementor-field-group elementor-column elementor-field-type-submit elementor-col-100 e-form__buttons\">\n\t\t\t\t\t<button type=\"submit\" class=\"elementor-button elementor-size-md\">\n\t\t\t\t\t\t<span >\n\t\t\t\t\t\t\t\t\t\t\t\t\t\t\t<span class=\" elementor-button-icon\">\n\t\t\t\t\t\t\t\t\t\t\t\t\t\t\t\t\t\t\t\t\t\t\t\t\t\t<\/span>\n\t\t\t\t\t\t\t\t\t\t\t\t\t\t\t\t\t\t\t\t\t\t<span class=\"elementor-button-text\">Formular absenden<\/span>\n\t\t\t\t\t\t\t\t\t\t\t\t\t<\/span>\n\t\t\t\t\t<\/button>\n\t\t\t\t<\/div>\n\t\t\t<\/div>\n\t\t<\/form>\n\t\t\t\t<\/div>\n\t\t\t\t<\/div>\n\t\t\t\t\t\t<\/div>\n\t\t\t\t\t<\/div>\n\t\t<\/div>\n\t\t\t\t\t\t\t\t<\/div>\n\t\t\t\t\t<\/div>\n\t\t<\/section>\n\t\t\t\t\t\t\t\t\t<\/div>\n\t\t\t<\/div>\n\t\t\t\t\t<\/div>\n\t\t","protected":false},"excerpt":{"rendered":"<p>Platziere deine anfrage bei uns Vereinbare jetzt ein erstes unverbindliches Beratungsgespr\u00e4ch mit uns. So k\u00f6nnen wir gemeinsam evaluieren, wie wir dich am besten unterst\u00fctzen k\u00f6nnen. Das Kennenlerngespr\u00e4ch ist kostenlos. Nachdem deine Anfrage bei uns eingegangen ist, werden wir uns zeitnah mit Terminvorschl\u00e4gen f\u00fcr das erste Kennenlerngespr\u00e4ch melden. Wir freuen uns auf deine Nachricht,Mirjam und Val\u00e9rie [&hellip;]<\/p>\n","protected":false},"author":1,"featured_media":0,"parent":0,"menu_order":0,"comment_status":"closed","ping_status":"closed","template":"elementor_header_footer","meta":[],"yoast_head":"<!-- This site is optimized with the Yoast SEO plugin v17.6 - https:\/\/yoast.com\/wordpress\/plugins\/seo\/ -->\n<title>Kontakt - Create Your Style<\/title>\n<meta name=\"robots\" content=\"index, follow, max-snippet:-1, max-image-preview:large, max-video-preview:-1\" \/>\n<link rel=\"canonical\" href=\"https:\/\/createyourstyle.ch\/index.php\/kontakt\/\" \/>\n<meta property=\"og:locale\" content=\"de_DE\" \/>\n<meta property=\"og:type\" content=\"article\" \/>\n<meta property=\"og:title\" content=\"Kontakt - Create Your Style\" \/>\n<meta property=\"og:description\" content=\"Platziere deine anfrage bei uns Vereinbare jetzt ein erstes unverbindliches Beratungsgespr\u00e4ch mit uns. So k\u00f6nnen wir gemeinsam evaluieren, wie wir dich am besten unterst\u00fctzen k\u00f6nnen. Das Kennenlerngespr\u00e4ch ist kostenlos. Nachdem deine Anfrage bei uns eingegangen ist, werden wir uns zeitnah mit Terminvorschl\u00e4gen f\u00fcr das erste Kennenlerngespr\u00e4ch melden. Wir freuen uns auf deine Nachricht,Mirjam und Val\u00e9rie [&hellip;]\" \/>\n<meta property=\"og:url\" content=\"https:\/\/createyourstyle.ch\/index.php\/kontakt\/\" \/>\n<meta property=\"og:site_name\" content=\"Create Your Style\" \/>\n<meta property=\"article:publisher\" content=\"https:\/\/www.facebook.com\/createyourstyle.ch\" \/>\n<meta property=\"article:modified_time\" content=\"2022-08-02T12:18:08+00:00\" \/>\n<meta property=\"og:image\" content=\"https:\/\/createyourstyle.ch\/wp-content\/uploads\/2020\/07\/lifewithpcos-dk-2020-1-scaled-e1593636080144.jpg\" \/>\n<meta name=\"twitter:card\" content=\"summary_large_image\" \/>\n<meta name=\"twitter:label1\" content=\"Gesch\u00e4tzte Lesezeit\" \/>\n\t<meta name=\"twitter:data1\" content=\"1\u00a0Minute\" \/>\n<script type=\"application\/ld+json\" class=\"yoast-schema-graph\">{\"@context\":\"https:\/\/schema.org\",\"@graph\":[{\"@type\":\"WebSite\",\"@id\":\"https:\/\/createyourstyle.ch\/#website\",\"url\":\"https:\/\/createyourstyle.ch\/\",\"name\":\"Create Your Style\",\"description\":\"Wir stylen deine Website\",\"potentialAction\":[{\"@type\":\"SearchAction\",\"target\":{\"@type\":\"EntryPoint\",\"urlTemplate\":\"https:\/\/createyourstyle.ch\/?s={search_term_string}\"},\"query-input\":\"required name=search_term_string\"}],\"inLanguage\":\"de\"},{\"@type\":\"ImageObject\",\"@id\":\"https:\/\/createyourstyle.ch\/index.php\/kontakt\/#primaryimage\",\"inLanguage\":\"de\",\"url\":\"https:\/\/createyourstyle.ch\/wp-content\/uploads\/2020\/07\/lifewithpcos-dk-2020-1-scaled-e1593636080144.jpg\",\"contentUrl\":\"https:\/\/createyourstyle.ch\/wp-content\/uploads\/2020\/07\/lifewithpcos-dk-2020-1-scaled-e1593636080144.jpg\",\"width\":2560,\"height\":1299,\"caption\":\"Mirjam & Valerie sitzend\"},{\"@type\":\"WebPage\",\"@id\":\"https:\/\/createyourstyle.ch\/index.php\/kontakt\/#webpage\",\"url\":\"https:\/\/createyourstyle.ch\/index.php\/kontakt\/\",\"name\":\"Kontakt - Create Your Style\",\"isPartOf\":{\"@id\":\"https:\/\/createyourstyle.ch\/#website\"},\"primaryImageOfPage\":{\"@id\":\"https:\/\/createyourstyle.ch\/index.php\/kontakt\/#primaryimage\"},\"datePublished\":\"2020-07-01T20:37:58+00:00\",\"dateModified\":\"2022-08-02T12:18:08+00:00\",\"breadcrumb\":{\"@id\":\"https:\/\/createyourstyle.ch\/index.php\/kontakt\/#breadcrumb\"},\"inLanguage\":\"de\",\"potentialAction\":[{\"@type\":\"ReadAction\",\"target\":[\"https:\/\/createyourstyle.ch\/index.php\/kontakt\/\"]}]},{\"@type\":\"BreadcrumbList\",\"@id\":\"https:\/\/createyourstyle.ch\/index.php\/kontakt\/#breadcrumb\",\"itemListElement\":[{\"@type\":\"ListItem\",\"position\":1,\"name\":\"Startseite\",\"item\":\"https:\/\/createyourstyle.ch\/\"},{\"@type\":\"ListItem\",\"position\":2,\"name\":\"Kontakt\"}]}]}<\/script>\n<!-- \/ Yoast SEO plugin. -->","yoast_head_json":{"title":"Kontakt - Create Your Style","robots":{"index":"index","follow":"follow","max-snippet":"max-snippet:-1","max-image-preview":"max-image-preview:large","max-video-preview":"max-video-preview:-1"},"canonical":"https:\/\/createyourstyle.ch\/index.php\/kontakt\/","og_locale":"de_DE","og_type":"article","og_title":"Kontakt - Create Your Style","og_description":"Platziere deine anfrage bei uns Vereinbare jetzt ein erstes unverbindliches Beratungsgespr\u00e4ch mit uns. So k\u00f6nnen wir gemeinsam evaluieren, wie wir dich am besten unterst\u00fctzen k\u00f6nnen. Das Kennenlerngespr\u00e4ch ist kostenlos. Nachdem deine Anfrage bei uns eingegangen ist, werden wir uns zeitnah mit Terminvorschl\u00e4gen f\u00fcr das erste Kennenlerngespr\u00e4ch melden. Wir freuen uns auf deine Nachricht,Mirjam und Val\u00e9rie [&hellip;]","og_url":"https:\/\/createyourstyle.ch\/index.php\/kontakt\/","og_site_name":"Create Your Style","article_publisher":"https:\/\/www.facebook.com\/createyourstyle.ch","article_modified_time":"2022-08-02T12:18:08+00:00","og_image":[{"url":"https:\/\/createyourstyle.ch\/wp-content\/uploads\/2020\/07\/lifewithpcos-dk-2020-1-scaled-e1593636080144.jpg"}],"twitter_card":"summary_large_image","twitter_misc":{"Gesch\u00e4tzte Lesezeit":"1\u00a0Minute"},"schema":{"@context":"https:\/\/schema.org","@graph":[{"@type":"WebSite","@id":"https:\/\/createyourstyle.ch\/#website","url":"https:\/\/createyourstyle.ch\/","name":"Create Your Style","description":"Wir stylen deine Website","potentialAction":[{"@type":"SearchAction","target":{"@type":"EntryPoint","urlTemplate":"https:\/\/createyourstyle.ch\/?s={search_term_string}"},"query-input":"required name=search_term_string"}],"inLanguage":"de"},{"@type":"ImageObject","@id":"https:\/\/createyourstyle.ch\/index.php\/kontakt\/#primaryimage","inLanguage":"de","url":"https:\/\/createyourstyle.ch\/wp-content\/uploads\/2020\/07\/lifewithpcos-dk-2020-1-scaled-e1593636080144.jpg","contentUrl":"https:\/\/createyourstyle.ch\/wp-content\/uploads\/2020\/07\/lifewithpcos-dk-2020-1-scaled-e1593636080144.jpg","width":2560,"height":1299,"caption":"Mirjam & Valerie sitzend"},{"@type":"WebPage","@id":"https:\/\/createyourstyle.ch\/index.php\/kontakt\/#webpage","url":"https:\/\/createyourstyle.ch\/index.php\/kontakt\/","name":"Kontakt - Create Your Style","isPartOf":{"@id":"https:\/\/createyourstyle.ch\/#website"},"primaryImageOfPage":{"@id":"https:\/\/createyourstyle.ch\/index.php\/kontakt\/#primaryimage"},"datePublished":"2020-07-01T20:37:58+00:00","dateModified":"2022-08-02T12:18:08+00:00","breadcrumb":{"@id":"https:\/\/createyourstyle.ch\/index.php\/kontakt\/#breadcrumb"},"inLanguage":"de","potentialAction":[{"@type":"ReadAction","target":["https:\/\/createyourstyle.ch\/index.php\/kontakt\/"]}]},{"@type":"BreadcrumbList","@id":"https:\/\/createyourstyle.ch\/index.php\/kontakt\/#breadcrumb","itemListElement":[{"@type":"ListItem","position":1,"name":"Startseite","item":"https:\/\/createyourstyle.ch\/"},{"@type":"ListItem","position":2,"name":"Kontakt"}]}]}},"_links":{"self":[{"href":"https:\/\/createyourstyle.ch\/index.php\/wp-json\/wp\/v2\/pages\/65"}],"collection":[{"href":"https:\/\/createyourstyle.ch\/index.php\/wp-json\/wp\/v2\/pages"}],"about":[{"href":"https:\/\/createyourstyle.ch\/index.php\/wp-json\/wp\/v2\/types\/page"}],"author":[{"embeddable":true,"href":"https:\/\/createyourstyle.ch\/index.php\/wp-json\/wp\/v2\/users\/1"}],"replies":[{"embeddable":true,"href":"https:\/\/createyourstyle.ch\/index.php\/wp-json\/wp\/v2\/comments?post=65"}],"version-history":[{"count":18,"href":"https:\/\/createyourstyle.ch\/index.php\/wp-json\/wp\/v2\/pages\/65\/revisions"}],"predecessor-version":[{"id":175,"href":"https:\/\/createyourstyle.ch\/index.php\/wp-json\/wp\/v2\/pages\/65\/revisions\/175"}],"wp:attachment":[{"href":"https:\/\/createyourstyle.ch\/index.php\/wp-json\/wp\/v2\/media?parent=65"}],"curies":[{"name":"wp","href":"https:\/\/api.w.org\/{rel}","templated":true}]}}