{"id":46,"date":"2020-07-01T19:58:16","date_gmt":"2020-07-01T19:58:16","guid":{"rendered":"https:\/\/createyourstyle.ch\/?page_id=46"},"modified":"2020-07-13T08:19:39","modified_gmt":"2020-07-13T08:19:39","slug":"kostenloser-website-check","status":"publish","type":"page","link":"https:\/\/createyourstyle.ch\/index.php\/kostenloser-website-check\/","title":{"rendered":"Kostenloser Website Check"},"content":{"rendered":"\t\t<div data-elementor-type=\"wp-page\" data-elementor-id=\"46\" class=\"elementor elementor-46\">\n\t\t\t\t\t\t<div class=\"elementor-inner\">\n\t\t\t\t<div class=\"elementor-section-wrap\">\n\t\t\t\t\t\t\t\t\t<section class=\"elementor-section elementor-top-section elementor-element elementor-element-cded29f elementor-section-full_width elementor-section-height-default elementor-section-height-default\" data-id=\"cded29f\" data-element_type=\"section\">\n\t\t\t\t\t\t<div class=\"elementor-container elementor-column-gap-default\">\n\t\t\t\t\t\t\t<div class=\"elementor-row\">\n\t\t\t\t\t<div class=\"elementor-column elementor-col-50 elementor-top-column elementor-element elementor-element-5f34ff5c\" data-id=\"5f34ff5c\" data-element_type=\"column\">\n\t\t\t<div class=\"elementor-column-wrap elementor-element-populated\">\n\t\t\t\t\t\t\t<div class=\"elementor-widget-wrap\">\n\t\t\t\t\t\t<div class=\"elementor-element elementor-element-674a822a elementor-widget elementor-widget-heading\" data-id=\"674a822a\" data-element_type=\"widget\" data-widget_type=\"heading.default\">\n\t\t\t\t<div class=\"elementor-widget-container\">\n\t\t\t<h1 class=\"elementor-heading-title elementor-size-default\">kostenloser <b>website check<\/b><\/h1>\t\t<\/div>\n\t\t\t\t<\/div>\n\t\t\t\t\t\t<\/div>\n\t\t\t\t\t<\/div>\n\t\t<\/div>\n\t\t\t\t<div class=\"elementor-column elementor-col-50 elementor-top-column elementor-element elementor-element-11de2fa0\" data-id=\"11de2fa0\" data-element_type=\"column\">\n\t\t\t<div class=\"elementor-column-wrap\">\n\t\t\t\t\t\t\t<div class=\"elementor-widget-wrap\">\n\t\t\t\t\t\t\t\t<\/div>\n\t\t\t\t\t<\/div>\n\t\t<\/div>\n\t\t\t\t\t\t\t\t<\/div>\n\t\t\t\t\t<\/div>\n\t\t<\/section>\n\t\t\t\t<section class=\"elementor-section elementor-top-section elementor-element elementor-element-37c4c34e elementor-section-full_width elementor-section-height-default elementor-section-height-default\" data-id=\"37c4c34e\" data-element_type=\"section\">\n\t\t\t\t\t\t<div class=\"elementor-container elementor-column-gap-default\">\n\t\t\t\t\t\t\t<div class=\"elementor-row\">\n\t\t\t\t\t<div class=\"elementor-column elementor-col-100 elementor-top-column elementor-element elementor-element-276cd492\" data-id=\"276cd492\" data-element_type=\"column\">\n\t\t\t<div class=\"elementor-column-wrap elementor-element-populated\">\n\t\t\t\t\t\t\t<div class=\"elementor-widget-wrap\">\n\t\t\t\t\t\t<div class=\"elementor-element elementor-element-fc03560 elementor-widget elementor-widget-image\" data-id=\"fc03560\" data-element_type=\"widget\" data-settings=\"{&quot;motion_fx_motion_fx_scrolling&quot;:&quot;yes&quot;,&quot;motion_fx_devices&quot;:[&quot;desktop&quot;,&quot;tablet&quot;,&quot;mobile&quot;]}\" data-widget_type=\"image.default\">\n\t\t\t\t<div class=\"elementor-widget-container\">\n\t\t\t\t\t\t\t\t<div class=\"elementor-image\">\n\t\t\t\t\t\t\t\t\t\t\t\t<img width=\"2560\" height=\"1702\" src=\"https:\/\/createyourstyle.ch\/wp-content\/uploads\/2020\/07\/mel-poole-nuFOLbZn6KA-unsplash-scaled.jpg\" class=\"attachment-full size-full\" alt=\"Laptop und Notizblock\" loading=\"lazy\" srcset=\"https:\/\/createyourstyle.ch\/wp-content\/uploads\/2020\/07\/mel-poole-nuFOLbZn6KA-unsplash-scaled.jpg 2560w, https:\/\/createyourstyle.ch\/wp-content\/uploads\/2020\/07\/mel-poole-nuFOLbZn6KA-unsplash-300x199.jpg 300w, https:\/\/createyourstyle.ch\/wp-content\/uploads\/2020\/07\/mel-poole-nuFOLbZn6KA-unsplash-1024x681.jpg 1024w, https:\/\/createyourstyle.ch\/wp-content\/uploads\/2020\/07\/mel-poole-nuFOLbZn6KA-unsplash-768x511.jpg 768w, https:\/\/createyourstyle.ch\/wp-content\/uploads\/2020\/07\/mel-poole-nuFOLbZn6KA-unsplash-1536x1021.jpg 1536w, https:\/\/createyourstyle.ch\/wp-content\/uploads\/2020\/07\/mel-poole-nuFOLbZn6KA-unsplash-2048x1362.jpg 2048w\" sizes=\"(max-width: 2560px) 100vw, 2560px\" \/>\t\t\t\t\t\t\t\t\t\t\t\t\t\t<\/div>\n\t\t\t\t\t\t<\/div>\n\t\t\t\t<\/div>\n\t\t\t\t\t\t<\/div>\n\t\t\t\t\t<\/div>\n\t\t<\/div>\n\t\t\t\t\t\t\t\t<\/div>\n\t\t\t\t\t<\/div>\n\t\t<\/section>\n\t\t\t\t<section class=\"elementor-section elementor-top-section elementor-element elementor-element-787b9825 elementor-section-full_width elementor-section-height-default elementor-section-height-default\" data-id=\"787b9825\" data-element_type=\"section\">\n\t\t\t\t\t\t<div class=\"elementor-container elementor-column-gap-default\">\n\t\t\t\t\t\t\t<div class=\"elementor-row\">\n\t\t\t\t\t<div class=\"elementor-column elementor-col-100 elementor-top-column elementor-element elementor-element-189534c3\" data-id=\"189534c3\" data-element_type=\"column\">\n\t\t\t<div class=\"elementor-column-wrap elementor-element-populated\">\n\t\t\t\t\t\t\t<div class=\"elementor-widget-wrap\">\n\t\t\t\t\t\t<section class=\"elementor-section elementor-inner-section elementor-element elementor-element-41000bc0 elementor-section-height-min-height elementor-section-boxed elementor-section-height-default\" data-id=\"41000bc0\" data-element_type=\"section\" data-settings=\"{&quot;motion_fx_motion_fx_scrolling&quot;:&quot;yes&quot;,&quot;motion_fx_translateY_effect&quot;:&quot;yes&quot;,&quot;motion_fx_translateY_direction&quot;:&quot;negative&quot;,&quot;motion_fx_translateY_speed&quot;:{&quot;unit&quot;:&quot;px&quot;,&quot;size&quot;:&quot;1&quot;,&quot;sizes&quot;:[]},&quot;motion_fx_devices&quot;:[&quot;desktop&quot;],&quot;motion_fx_translateY_affectedRange&quot;:{&quot;unit&quot;:&quot;%&quot;,&quot;size&quot;:&quot;&quot;,&quot;sizes&quot;:{&quot;start&quot;:0,&quot;end&quot;:100}}}\">\n\t\t\t\t\t\t<div class=\"elementor-container elementor-column-gap-default\">\n\t\t\t\t\t\t\t<div class=\"elementor-row\">\n\t\t\t\t\t<div class=\"elementor-column elementor-col-100 elementor-inner-column elementor-element elementor-element-ecc26aa\" data-id=\"ecc26aa\" data-element_type=\"column\">\n\t\t\t<div class=\"elementor-column-wrap elementor-element-populated\">\n\t\t\t\t\t\t\t<div class=\"elementor-widget-wrap\">\n\t\t\t\t\t\t<div class=\"elementor-element elementor-element-728e5645 elementor-widget elementor-widget-heading\" data-id=\"728e5645\" data-element_type=\"widget\" data-widget_type=\"heading.default\">\n\t\t\t\t<div class=\"elementor-widget-container\">\n\t\t\t<h2 class=\"elementor-heading-title elementor-size-default\"><b>75%<\/b> der Besucherinnen und Besucher ziehen anhand des <b>Designs<\/b> einer Website Schl\u00fcsse \u00fcber die <b>Glaubw\u00fcrdigkeit<\/b> einer Firma oder eines Angebots.<\/h2>\t\t<\/div>\n\t\t\t\t<\/div>\n\t\t\t\t<div class=\"elementor-element elementor-element-1a8f1a29 elementor-widget elementor-widget-text-editor\" data-id=\"1a8f1a29\" data-element_type=\"widget\" data-widget_type=\"text-editor.default\">\n\t\t\t\t<div class=\"elementor-widget-container\">\n\t\t\t\t\t\t\t\t<div class=\"elementor-text-editor elementor-clearfix\">\n\t\t\t\t<p>Eine unattraktive Website kann dich also wirklich Kunden kosten und wirft ein schlechtes Licht auf dich und dein Gesch\u00e4ft. Das Potenzial einer modernen Erscheinung wird noch immer untersch\u00e4tzt \u2013 mit fatalen Folgen f\u00fcr das Business.<\/p><p>Mit unserem kostenlosen Website Check findest du heraus, ob du mit deiner Website Kunden verlierst und was du optimieren kannst, damit deine Website deine Gesch\u00e4ftsziele besser unterst\u00fctzt. Profitiere jetzt von diesem einmaligen Angebot.<\/p>\t\t\t\t\t<\/div>\n\t\t\t\t\t\t<\/div>\n\t\t\t\t<\/div>\n\t\t\t\t\t\t<\/div>\n\t\t\t\t\t<\/div>\n\t\t<\/div>\n\t\t\t\t\t\t\t\t<\/div>\n\t\t\t\t\t<\/div>\n\t\t<\/section>\n\t\t\t\t\t\t<\/div>\n\t\t\t\t\t<\/div>\n\t\t<\/div>\n\t\t\t\t\t\t\t\t<\/div>\n\t\t\t\t\t<\/div>\n\t\t<\/section>\n\t\t\t\t<section class=\"elementor-section elementor-top-section elementor-element elementor-element-5c216b7a elementor-section-full_width elementor-section-height-default elementor-section-height-default\" data-id=\"5c216b7a\" data-element_type=\"section\">\n\t\t\t\t\t\t<div class=\"elementor-container elementor-column-gap-default\">\n\t\t\t\t\t\t\t<div class=\"elementor-row\">\n\t\t\t\t\t<div class=\"elementor-column elementor-col-50 elementor-top-column elementor-element elementor-element-12e300a7\" data-id=\"12e300a7\" data-element_type=\"column\">\n\t\t\t<div class=\"elementor-column-wrap elementor-element-populated\">\n\t\t\t\t\t\t\t<div class=\"elementor-widget-wrap\">\n\t\t\t\t\t\t<div class=\"elementor-element elementor-element-552a5a46 elementor-widget-divider--view-line elementor-widget elementor-widget-divider\" data-id=\"552a5a46\" data-element_type=\"widget\" data-settings=\"{&quot;motion_fx_motion_fx_scrolling&quot;:&quot;yes&quot;,&quot;motion_fx_translateX_effect&quot;:&quot;yes&quot;,&quot;motion_fx_translateX_direction&quot;:&quot;negative&quot;,&quot;motion_fx_translateX_speed&quot;:{&quot;unit&quot;:&quot;px&quot;,&quot;size&quot;:&quot;1.5&quot;,&quot;sizes&quot;:[]},&quot;motion_fx_devices&quot;:[&quot;desktop&quot;],&quot;motion_fx_translateX_affectedRange&quot;:{&quot;unit&quot;:&quot;%&quot;,&quot;size&quot;:&quot;&quot;,&quot;sizes&quot;:{&quot;start&quot;:0,&quot;end&quot;:100}}}\" data-widget_type=\"divider.default\">\n\t\t\t\t<div class=\"elementor-widget-container\">\n\t\t\t\t\t<div class=\"elementor-divider\">\n\t\t\t<span class=\"elementor-divider-separator\">\n\t\t\t\t\t\t<\/span>\n\t\t<\/div>\n\t\t\t\t<\/div>\n\t\t\t\t<\/div>\n\t\t\t\t\t\t<\/div>\n\t\t\t\t\t<\/div>\n\t\t<\/div>\n\t\t\t\t<div class=\"elementor-column elementor-col-50 elementor-top-column elementor-element elementor-element-b7c04aa\" data-id=\"b7c04aa\" data-element_type=\"column\">\n\t\t\t<div class=\"elementor-column-wrap elementor-element-populated\">\n\t\t\t\t\t\t\t<div class=\"elementor-widget-wrap\">\n\t\t\t\t\t\t<div class=\"elementor-element elementor-element-48a7c045 elementor-align-right elementor-widget elementor-widget-button\" data-id=\"48a7c045\" data-element_type=\"widget\" data-widget_type=\"button.default\">\n\t\t\t\t<div class=\"elementor-widget-container\">\n\t\t\t\t\t<div class=\"elementor-button-wrapper\">\n\t\t\t<a href=\"https:\/\/forms.gle\/uQLM7zgKLDKPYPxi9\" class=\"elementor-button-link elementor-button elementor-size-sm\" role=\"button\">\n\t\t\t\t\t\t<span class=\"elementor-button-content-wrapper\">\n\t\t\t\t\t\t<span class=\"elementor-button-text\">Jetzt anmelden<\/span>\n\t\t<\/span>\n\t\t\t\t\t<\/a>\n\t\t<\/div>\n\t\t\t\t<\/div>\n\t\t\t\t<\/div>\n\t\t\t\t\t\t<\/div>\n\t\t\t\t\t<\/div>\n\t\t<\/div>\n\t\t\t\t\t\t\t\t<\/div>\n\t\t\t\t\t<\/div>\n\t\t<\/section>\n\t\t\t\t\t\t\t\t\t<\/div>\n\t\t\t<\/div>\n\t\t\t\t\t<\/div>\n\t\t","protected":false},"excerpt":{"rendered":"<p>kostenloser website check 75% der Besucherinnen und Besucher ziehen anhand des Designs einer Website Schl\u00fcsse \u00fcber die Glaubw\u00fcrdigkeit einer Firma oder eines Angebots. Eine unattraktive Website kann dich also wirklich Kunden kosten und wirft ein schlechtes Licht auf dich und dein Gesch\u00e4ft. Das Potenzial einer modernen Erscheinung wird noch immer untersch\u00e4tzt \u2013 mit fatalen Folgen [&hellip;]<\/p>\n","protected":false},"author":1,"featured_media":0,"parent":0,"menu_order":0,"comment_status":"closed","ping_status":"closed","template":"elementor_header_footer","meta":[],"yoast_head":"<!-- This site is optimized with the Yoast SEO plugin v17.6 - https:\/\/yoast.com\/wordpress\/plugins\/seo\/ -->\n<title>Kostenloser Website Check - Create Your Style<\/title>\n<meta name=\"robots\" content=\"index, follow, max-snippet:-1, max-image-preview:large, max-video-preview:-1\" \/>\n<link rel=\"canonical\" href=\"https:\/\/createyourstyle.ch\/index.php\/kostenloser-website-check\/\" \/>\n<meta property=\"og:locale\" content=\"de_DE\" \/>\n<meta property=\"og:type\" content=\"article\" \/>\n<meta property=\"og:title\" content=\"Kostenloser Website Check - Create Your Style\" \/>\n<meta property=\"og:description\" content=\"kostenloser website check 75% der Besucherinnen und Besucher ziehen anhand des Designs einer Website Schl\u00fcsse \u00fcber die Glaubw\u00fcrdigkeit einer Firma oder eines Angebots. Eine unattraktive Website kann dich also wirklich Kunden kosten und wirft ein schlechtes Licht auf dich und dein Gesch\u00e4ft. Das Potenzial einer modernen Erscheinung wird noch immer untersch\u00e4tzt \u2013 mit fatalen Folgen [&hellip;]\" \/>\n<meta property=\"og:url\" content=\"https:\/\/createyourstyle.ch\/index.php\/kostenloser-website-check\/\" \/>\n<meta property=\"og:site_name\" content=\"Create Your Style\" \/>\n<meta property=\"article:publisher\" content=\"https:\/\/www.facebook.com\/createyourstyle.ch\" \/>\n<meta property=\"article:modified_time\" content=\"2020-07-13T08:19:39+00:00\" \/>\n<meta property=\"og:image\" content=\"https:\/\/createyourstyle.ch\/wp-content\/uploads\/2020\/07\/mel-poole-nuFOLbZn6KA-unsplash-scaled.jpg\" \/>\n<meta name=\"twitter:card\" content=\"summary_large_image\" \/>\n<script type=\"application\/ld+json\" class=\"yoast-schema-graph\">{\"@context\":\"https:\/\/schema.org\",\"@graph\":[{\"@type\":\"WebSite\",\"@id\":\"https:\/\/createyourstyle.ch\/#website\",\"url\":\"https:\/\/createyourstyle.ch\/\",\"name\":\"Create Your Style\",\"description\":\"Wir stylen deine Website\",\"potentialAction\":[{\"@type\":\"SearchAction\",\"target\":{\"@type\":\"EntryPoint\",\"urlTemplate\":\"https:\/\/createyourstyle.ch\/?s={search_term_string}\"},\"query-input\":\"required name=search_term_string\"}],\"inLanguage\":\"de\"},{\"@type\":\"ImageObject\",\"@id\":\"https:\/\/createyourstyle.ch\/index.php\/kostenloser-website-check\/#primaryimage\",\"inLanguage\":\"de\",\"url\":\"https:\/\/createyourstyle.ch\/wp-content\/uploads\/2020\/07\/mel-poole-nuFOLbZn6KA-unsplash-scaled.jpg\",\"contentUrl\":\"https:\/\/createyourstyle.ch\/wp-content\/uploads\/2020\/07\/mel-poole-nuFOLbZn6KA-unsplash-scaled.jpg\",\"width\":2560,\"height\":1702,\"caption\":\"Laptop und Notizblock\"},{\"@type\":\"WebPage\",\"@id\":\"https:\/\/createyourstyle.ch\/index.php\/kostenloser-website-check\/#webpage\",\"url\":\"https:\/\/createyourstyle.ch\/index.php\/kostenloser-website-check\/\",\"name\":\"Kostenloser Website Check - Create Your Style\",\"isPartOf\":{\"@id\":\"https:\/\/createyourstyle.ch\/#website\"},\"primaryImageOfPage\":{\"@id\":\"https:\/\/createyourstyle.ch\/index.php\/kostenloser-website-check\/#primaryimage\"},\"datePublished\":\"2020-07-01T19:58:16+00:00\",\"dateModified\":\"2020-07-13T08:19:39+00:00\",\"breadcrumb\":{\"@id\":\"https:\/\/createyourstyle.ch\/index.php\/kostenloser-website-check\/#breadcrumb\"},\"inLanguage\":\"de\",\"potentialAction\":[{\"@type\":\"ReadAction\",\"target\":[\"https:\/\/createyourstyle.ch\/index.php\/kostenloser-website-check\/\"]}]},{\"@type\":\"BreadcrumbList\",\"@id\":\"https:\/\/createyourstyle.ch\/index.php\/kostenloser-website-check\/#breadcrumb\",\"itemListElement\":[{\"@type\":\"ListItem\",\"position\":1,\"name\":\"Startseite\",\"item\":\"https:\/\/createyourstyle.ch\/\"},{\"@type\":\"ListItem\",\"position\":2,\"name\":\"Kostenloser Website Check\"}]}]}<\/script>\n<!-- \/ Yoast SEO plugin. -->","yoast_head_json":{"title":"Kostenloser Website Check - Create Your Style","robots":{"index":"index","follow":"follow","max-snippet":"max-snippet:-1","max-image-preview":"max-image-preview:large","max-video-preview":"max-video-preview:-1"},"canonical":"https:\/\/createyourstyle.ch\/index.php\/kostenloser-website-check\/","og_locale":"de_DE","og_type":"article","og_title":"Kostenloser Website Check - Create Your Style","og_description":"kostenloser website check 75% der Besucherinnen und Besucher ziehen anhand des Designs einer Website Schl\u00fcsse \u00fcber die Glaubw\u00fcrdigkeit einer Firma oder eines Angebots. Eine unattraktive Website kann dich also wirklich Kunden kosten und wirft ein schlechtes Licht auf dich und dein Gesch\u00e4ft. Das Potenzial einer modernen Erscheinung wird noch immer untersch\u00e4tzt \u2013 mit fatalen Folgen [&hellip;]","og_url":"https:\/\/createyourstyle.ch\/index.php\/kostenloser-website-check\/","og_site_name":"Create Your Style","article_publisher":"https:\/\/www.facebook.com\/createyourstyle.ch","article_modified_time":"2020-07-13T08:19:39+00:00","og_image":[{"url":"https:\/\/createyourstyle.ch\/wp-content\/uploads\/2020\/07\/mel-poole-nuFOLbZn6KA-unsplash-scaled.jpg"}],"twitter_card":"summary_large_image","schema":{"@context":"https:\/\/schema.org","@graph":[{"@type":"WebSite","@id":"https:\/\/createyourstyle.ch\/#website","url":"https:\/\/createyourstyle.ch\/","name":"Create Your Style","description":"Wir stylen deine Website","potentialAction":[{"@type":"SearchAction","target":{"@type":"EntryPoint","urlTemplate":"https:\/\/createyourstyle.ch\/?s={search_term_string}"},"query-input":"required name=search_term_string"}],"inLanguage":"de"},{"@type":"ImageObject","@id":"https:\/\/createyourstyle.ch\/index.php\/kostenloser-website-check\/#primaryimage","inLanguage":"de","url":"https:\/\/createyourstyle.ch\/wp-content\/uploads\/2020\/07\/mel-poole-nuFOLbZn6KA-unsplash-scaled.jpg","contentUrl":"https:\/\/createyourstyle.ch\/wp-content\/uploads\/2020\/07\/mel-poole-nuFOLbZn6KA-unsplash-scaled.jpg","width":2560,"height":1702,"caption":"Laptop und Notizblock"},{"@type":"WebPage","@id":"https:\/\/createyourstyle.ch\/index.php\/kostenloser-website-check\/#webpage","url":"https:\/\/createyourstyle.ch\/index.php\/kostenloser-website-check\/","name":"Kostenloser Website Check - Create Your Style","isPartOf":{"@id":"https:\/\/createyourstyle.ch\/#website"},"primaryImageOfPage":{"@id":"https:\/\/createyourstyle.ch\/index.php\/kostenloser-website-check\/#primaryimage"},"datePublished":"2020-07-01T19:58:16+00:00","dateModified":"2020-07-13T08:19:39+00:00","breadcrumb":{"@id":"https:\/\/createyourstyle.ch\/index.php\/kostenloser-website-check\/#breadcrumb"},"inLanguage":"de","potentialAction":[{"@type":"ReadAction","target":["https:\/\/createyourstyle.ch\/index.php\/kostenloser-website-check\/"]}]},{"@type":"BreadcrumbList","@id":"https:\/\/createyourstyle.ch\/index.php\/kostenloser-website-check\/#breadcrumb","itemListElement":[{"@type":"ListItem","position":1,"name":"Startseite","item":"https:\/\/createyourstyle.ch\/"},{"@type":"ListItem","position":2,"name":"Kostenloser Website Check"}]}]}},"_links":{"self":[{"href":"https:\/\/createyourstyle.ch\/index.php\/wp-json\/wp\/v2\/pages\/46"}],"collection":[{"href":"https:\/\/createyourstyle.ch\/index.php\/wp-json\/wp\/v2\/pages"}],"about":[{"href":"https:\/\/createyourstyle.ch\/index.php\/wp-json\/wp\/v2\/types\/page"}],"author":[{"embeddable":true,"href":"https:\/\/createyourstyle.ch\/index.php\/wp-json\/wp\/v2\/users\/1"}],"replies":[{"embeddable":true,"href":"https:\/\/createyourstyle.ch\/index.php\/wp-json\/wp\/v2\/comments?post=46"}],"version-history":[{"count":9,"href":"https:\/\/createyourstyle.ch\/index.php\/wp-json\/wp\/v2\/pages\/46\/revisions"}],"predecessor-version":[{"id":151,"href":"https:\/\/createyourstyle.ch\/index.php\/wp-json\/wp\/v2\/pages\/46\/revisions\/151"}],"wp:attachment":[{"href":"https:\/\/createyourstyle.ch\/index.php\/wp-json\/wp\/v2\/media?parent=46"}],"curies":[{"name":"wp","href":"https:\/\/api.w.org\/{rel}","templated":true}]}}